{"id":253,"date":"2021-01-26T05:01:17","date_gmt":"2021-01-26T04:01:17","guid":{"rendered":"https:\/\/was-tun-hamburg.de\/quo-vadis-die-linke\/?page_id=253"},"modified":"2023-01-22T19:10:42","modified_gmt":"2023-01-22T18:10:42","slug":"material-referate-hintergrund","status":"publish","type":"page","link":"https:\/\/was-tun-hamburg.de\/quo-vadis-die-linke\/material-referate-hintergrund\/","title":{"rendered":"Material \/ Referate \/ Hintergrund"},"content":{"rendered":"<h3>Die Zukunft der Weltordnung &#8211; unipolare versus multipolare Weltordnung<\/h3>\n<p><em>In Auswertung von zwei l\u00e4ngeren Ausarbeitungen von Peter Wahl und Birgit Mahnkopf diskutierten wir am 6. Januar 2023 die aktuellen geostrategischen Konflikte, f\u00fcr die uns Heinz-Dieter Lechte und Uli Ludwig spannende Input-Referate lieferten.<\/em><br \/>\n<a href=\"https:\/\/was-tun-hamburg.de\/quo-vadis-die-linke\/die-zukunft-der-weltordnung-unipolare-versus-multipolare-weltordnung\/\" target=\"_self\" rel=\"noopener noreferrer\">Referate Lechte \/ Ludwig Die Zukunft der Weltordnung \u2013 unipolare versus multipolare Weltordnung<\/a><\/p>\n<h3>Thesenpapier von Heinz-Dieter Lechte zu aktuellen gesellschaftlichen Widerspr\u00fcchen &#8211; Oktober 2022<\/h3>\n<p><em>Warum l\u00e4\u00dft sich die Wirtschaft diese wildgewordene Politik des Gesamtkapitalisten gefallen? Ist es ein echter Konflikt zwischen Kapitalien und der b\u00fcrgerlichen parlamentarischen Interessenvertretung und wie kann er sich entwickeln? Kurz gefragt: Was ist vom deutschen Kapital an Widerspruch bis Widerstand zu erwarten? Stichwort hei\u00dfer Herbst: Was ist von der Arbeiterklasse zu erwarten? Und schlie\u00dflich: Was ist von unserer Partei zu erwarten?<\/em><br \/>\n<a href=\"https:\/\/was-tun-hamburg.de\/quo-vadis-die-linke\/heinz-dieter-lechte-kommentiert-aktuelle-gesellschaftliche-widersprueche\/\" target=\"_self\" rel=\"noopener noreferrer\">Einige Thesen von Heinz-Dieter Lechte, Oktober 2022<\/a><\/p>\n<h3>Unser Antrag zum Hamburger Landesparteitag am 25.\/26. M\u00e4rz 2022<\/h3>\n<p><em>Der urspr\u00fcnglich f\u00fcr Januar 2022 vorgesehene Landesparteitag der Hamburger LINKEN findet nun am 25. und 26. M\u00e4rz 2022 statt. F\u00fcr diesen Parteitag haben wir einen Antrag AUFGABEN DER LINKEN mit 35 Hauptdelegierten und weiteren 30 Mitgliedern eingebracht. Einleitend stellen wir fest: Als LINKE befinden wir uns in einer herausfordernden Lage. Dass wir nicht st\u00e4rker aus den Bundestagswahlen hervorgingen, hatte auch mit uns zu tun. Denn gerade in der Pandemie w\u00e4re grunds\u00e4tzlichere Kritik an den herrschenden Verh\u00e4ltnissen und auch an der Politik von SPD und Gr\u00fcnen notwendig gewesen. Das Erfurter Programm mit seiner Orientierung auf radikale Kapitalismus-Reformen, mit seinem strategischen Ziel der gesellschaftlichen Umw\u00e4lzung in Richtung demokratischen Sozialismus, bietet Grundlagen daf\u00fcr, um aus Sackgassen wieder heraus zu kommen. Wir sagen: Jetzt erst recht! Sozialer Fortschritt kann durch emanzipatorische Bewegung der Vielen gegen die Reichen und M\u00e4chtigen errungen werden.<\/em><br \/>\n<a href=\"https:\/\/was-tun-hamburg.de\/quo-vadis-die-linke\/antrag-lpt-21-22-01-2022\/\" target=\"_self\" rel=\"noopener noreferrer\">Antrag an den Landesparteitag Die LINKE in Hamburg<\/a><br \/>\n<a href=\"https:\/\/was-tun-hamburg.de\/quo-vadis-die-linke\/filmbericht-zum-mitgliedertreffen-am-21-januar-2022\/\" target=\"_self\" rel=\"noopener noreferrer\">Filmbericht zu unserem Mitgliedertreffen am am 21.01.2022<\/a><\/p>\n<h3>Vergeblich gewartet &#8211; Schicksalsfrage f\u00fcr Die Linke: R\u00fcckkehr zum Erfurter Programm oder Scheitern.<\/h3>\n<p><em>Am 28.01.2022 nahmen knapp 80 Mitglieder aus unterschiedlichen Landesverb\u00e4nden Stellung zu unheilvollen Entwicklungen in unserer Partei. Unter ihnen auch einige Quo-Vadis-Akteure aus Hamburg. Sie schrieben: Die aktuelle Situation unserer Partei ist desastr\u00f6s und gef\u00e4hrlich. Vier Monate nach der Bundestagswahl gibt es weder eine tragf\u00e4hige Analyse der verheerenden Niederlage noch einen Neustart oder eine Kurskorrektur hin zu einer k\u00e4mpferischen sozialistischen Partei. Die eindringliche Forderung von Ferdinand Lassalle und Rosa Luxemburg \u2013 \u00bbSagen, was ist\u00ab \u2013 bleibt unbeachtet. Die Verantwortlichen der Niederlage f\u00fcrchten offenbar berechtigte Kritik. Eine erkennbare Parteidebatte von unten hat sich nicht entwickelt &#8230;<\/em><br \/>\n<a href=\"https:\/\/was-tun-hamburg.de\/quo-vadis-die-linke\/vergeblich-gewartet\/\" target=\"_self\" rel=\"noopener noreferrer\">Stellungnahme zur Lage und Situation der Partei Die LINKE<\/a><\/p>\n<h3>Ein letzter Brief von Hans Modrow<\/h3>\n<p><em>Der Vorsitzende des \u00c4ltestenrates der Partei Die Linke, Hans Modrow, hat am 17.Januar 2022 einen Brief an die Ko-Vorsitzenden der Partei, Susanne Hennig-Wellsow und Janine Wissler, gerichtet. Hans Modrow schreibt: Die Partei Die Linke \u2013 hervorgegangen aus WASG und PDS, und diese wiederum aus der SED, welche ihre organisatorischen Wurzeln in der KPD und der SPD hatte \u2013 befindet sich in einer kritischen Situation. Diese entstand nicht erst durch das desastr\u00f6se Resultat bei den Bundestagswahlen. Das Ergebnis machte die innere Verfasstheit lediglich sichtbar. Wenn die Partei sich nicht im klaren ist, wof\u00fcr sie steht und was ihr Zweck ist, wissen dies auch nicht die W\u00e4hler &#8230;<\/em><br \/>\n<a href=\"https:\/\/was-tun-hamburg.de\/quo-vadis-die-linke\/eine-letzte-chance\/\" target=\"_self\" rel=\"noopener noreferrer\">Die letzte Chance<\/a><\/p>\n<h3>Input zur Auswertung der Bundestagswahlen am 12.11. in Berlin beim Marxistischen Forum<\/h3>\n<p><em>Die funktionalen Beziehungen zwischen dem Monopolkapital und dem Staat sind heute engere als in fr\u00fcheren Zeiten. Sinkende Profitraten schr\u00e4nken den Spielraum f\u00fcr Klassenkompromisse ein. Die b\u00fcrgerlichen Parteien passen sich inhaltlich-programmatisch auch deshalb immer mehr an. Gleichzeitig wird auch b\u00fcrgerliche Demokratie immer enger. Durch Verfassungs\u00e4nderungen. Durch mehr exekutive Gewalt. Durch die Einordnung in die EU. Bis in die Kommunalvertretungen runter gibt es \u00fcberall nur noch Sachzw\u00e4nge. In der staatlichen Reproduktion dieser in viele Milieus nicht nur gespaltenen, sondern auch gezielt aufgespaltenen Gesellschaft, schl\u00e4gt sich dies \u2013 das scheint jetzt widerspr\u00fcchlich zu sein \u2013 in einer zunehmenden Parteienpluralit\u00e4t nieder. Doch genau hingeschaut hat das doch damit zu tun, dass wirklich relevante und zentrale Interessen der Lohnabh\u00e4ngigen immer weniger Ber\u00fccksichtigung finden. Nischenpolitik kompensiert das teilweise. Die fr\u00fchere Parteienkonkurrenz wird so \u2013 trotz gr\u00f6\u00dferer Pluralit\u00e4t \u2013 abgel\u00f6st von einer Art assimilativen Zirkulation &#8230;<\/em><br \/>\n<a href=\"https:\/\/was-tun-hamburg.de\/quo-vadis-die-linke\/wp-content\/uploads\/2022\/02\/freitag-12-11-21-Berlin.pdf\" target=\"_blank\" rel=\"noopener noreferrer\"><b>Input beim Marxistischen Forum in Berlin: Vortragender: A. Gr\u00fcnwald<\/b><\/a><\/p>\n<h3>Bundeswehreins\u00e4tze im Ausland und Die LINKE<\/h3>\n<p><em>Erstmalig in der Geschichte der PDS und der Partei Die LINKE hat sich eine Mehrzahl unserer Abgeordneten im Bundestag nicht mehr f\u00fcr ein klares NEIN bei milit\u00e4rischen Eins\u00e4tzen der Bundeswehr im Ausland entscheiden wollen. Von den 69 Abgeordneten der Fraktion stimmten nur 7 mit Nein, w\u00e4hrend sich 43 enthielten, 5 diesem \u201erobusten\u201c milit\u00e4rischen Einsatz sogar zustimmten. Weitere 14 Abgeordnete nahmen an der Abstimmung nicht teil. Eine gef\u00e4hrliche Z\u00e4sur, die weit \u00fcber die Afghanistan-Frage hinaus geht. Dazu haben wir mit unserem Newsletter 11\/2021 eine Menge Material und Stellungnahmen aus der Partei dokumentiert. Dar\u00fcber hinaus gibt es einen Filmbericht von unserer friedenspolitischen Veranstaltung am 09.09.2021.<\/em><br \/>\n<a href=\"https:\/\/was-tun-hamburg.de\/quo-vadis-die-linke\/frieden\/\" target=\"_self\" rel=\"noopener noreferrer\"><b>Bundeswehreinsatz in Afghanistan und Die LINKE<\/b><\/a><\/p>\n<h3>Kapitalismus und Naturzerst\u00f6rung<\/h3>\n<p><em>Das gest\u00f6rte Verh\u00e4ltnis der kapitalistischen Gesellschaft zur Natur ist mittlerweile ein wesentliches, konstitutives Moment ihrer aktuellen historischen Entwicklung im Weltma\u00dfstab. Es sind die herrschenden Klassen, die weder willens noch dazu in der Lage sind, die sozial\u00f6kologische Krise an ihrer Wurzel \u2013 den b\u00fcrgerlichen Eigentums- und Produktionsverh\u00e4ltnissen \u2013 anzupacken und zu l\u00f6sen. Sowohl der qualitative Sprung im gesellschaftlichen Naturverh\u00e4ltnis als auch der Klassencharakter der \u00f6kologischen Krise und ihrer Bew\u00e4ltigung lassen daher keinen anderen Schluss zu, als den Klassenkampf von oben auf dem Terrain der \u00d6kologie zu erwidern und ihn von unten zu organisieren.<\/em><br \/>\n<a href=\"https:\/\/was-tun-hamburg.de\/quo-vadis-die-linke\/kapitalismus-und-naturzerstoerung\/\" target=\"_self\" rel=\"noopener noreferrer\"><b>Grundsatzreferat von Christian Stache f\u00fcr ein \u00f6kosozialistisches Projekt \/ 30.04.2021<\/b><\/a><\/p>\n<h3>Friedrich Engels<\/h3>\n<p><em>Unternehmer, Historiker, Philosoph, Sozialrevolution\u00e4r, Kommunist und enger Freund und F\u00f6rderer von Karl Marx. Friedrich Engels war eine vielseitige und vielschichtige Pers\u00f6nlichkeit mit einer \u00fcberragenden Bedeutung f\u00fcr die weltweite Arbeiterbewegung. Aus Anlass des 200. Geburtstages von Friedrich Engels im August 2020 besch\u00e4ftigte sich ein Sonderheft der im Bezirksverband Altona herausgegebenen Zeitschrift Alina mit dem Leben und dem Werk von Engels. Unser Quo-Vadis-Die-Linke Genosse Heinz Dieter Lechte ist Autor der W\u00fcrdigung. Hier kannst Du dir das Heft als PDF Datei downloaden:<\/em><br \/>\n<a href=\"https:\/\/www.die-linke-altona.de\/fileadmin\/bv_altona\/pdf\/ALiNa-Extra_12p_web.pdf\" target=\"_blank\" rel=\"noopener noreferrer\"><b>Friedrich Engels<\/b><\/a><\/p>\n<h3>Entwicklungen in China<\/h3>\n<p><em>In den Medien trifft man auf eine Mischung aus Bewunderung, Neid und Angst, in der Politik auf Abwehr und Irritation wie m\u00e4chtig China geworden ist. Und Linke fragen: Das soll Sozialismus sein?<br \/>\nEs gibt keinen Grund gegen\u00fcber China unkritisch zu sein, ebenso wenig sollten wir uns der Besch\u00e4ftigung mit dem, was denn nun anders ist an der VR China, verschlie\u00dfen. Besserwisserisch anderen L\u00e4ndern und Kulturen Noten zu geben sollten wir vermeiden. Wir sind weder Lehrer noch Zuschauer der V\u00f6lker, sondern immer mitten auf der B\u00fchne dabei mit unseren eignen Problemen, Interessen und Motivationen. Ich verbinde darum die Sicht auf China mit der Sicht auf unsere eigene Gesellschaft im \u00dcbergangsprozess.<\/em><br \/>\n<a href=\"https:\/\/was-tun-hamburg.de\/quo-vadis-die-linke\/china-ist-anders\/\" target=\"_self\" rel=\"noopener noreferrer\"><b>Eingangsreferat von Heinz-Dieter Lechte zu unserer China-Diskussionsrunde am 05.03.2021<\/b><\/a><\/p>\n<h3>Kritik der Corona-Politik der Regierenden<\/h3>\n<p><em>In den L\u00e4ndern des westlichen Kapitalismus gibt es keine Strategie daf\u00fcr, wie die aus dem Virus-Geschehen resultierenden gesundheitlichen Gefahren effektiv, also nachhaltig, einzud\u00e4mmen und zu neutralisieren sind. Es ging immer nur darum das Geschehen beherrschbar zu halten, also so, dass zwar einerseits das Gesundheitssystem nicht zusammenbricht, es also gesellschaftlich zu keinen Ersch\u00fctterungen kommt, wie andererseits darum die Profitwirtschaft des Gro\u00dfkapitals am Laufen zu halten. &#8211; 14 Thesen zur Corona-Pandemie<\/em><br \/>\n<a href=\"https:\/\/was-tun-hamburg.de\/quo-vadis-die-linke\/die-pandemie-und-die-linke-thesenpapier\/\" target=\"_self\" rel=\"noopener noreferrer\"><b>https:\/\/was-tun-hamburg.de\/quo-vadis-die-linke\/die-pandemie-und-die-linke-thesenpapier\/<\/b><\/a><\/p>\n<h3>Corona-Krise und Wirtschaftskrise<\/h3>\n<p><em>Nach offiziellen Angaben sind in Deutschland bis jetzt (Stand: 09.02.2021) weit \u00fcber 62.000 Menschen mit oder an Corona gestorben. Deutschland liegt damit weit oben in der Liste jener L\u00e4nder, in denen besonders viele Menschen gestorben sind. Woran liegt das? Was l\u00e4uft falsch? Die Corona-Krise \u00fcberschattet zugleich eine schwere Wirtschaftskrise. Deren Ursache besteht nicht in der Pandemie, sie wurde durch selbige aber beschleunigt und vertieft. Auch diese Wirtschaftskrise ist eine internationale Krise. Wie tief sie einzelne L\u00e4nder und Regionen trifft, ist aber von unterschiedlichen Faktoren abh\u00e4ngig &#8230;<\/em><br \/>\n<a href=\"https:\/\/was-tun-hamburg.de\/quo-vadis-die-linke\/die-linke-und-die-pandemie-corona-und-wirtschaftskrise\/\" target=\"_self\" rel=\"noopener noreferrer\"><b>Film-Berichte \/ Eingangsreferate von unserer Diskussionsrunde am 05.02.2021<\/b><\/a><\/p>\n<h3>Verteidigung unserer Grundrechte<\/h3>\n<p><em>Demokratie braucht Bewegung. Demokratie braucht \u00d6ffentlichkeit. Doch \u00e4hnlich wie bei der politischen Instrumentalisierung der Bedrohung durch \u201eTerror\u201c werden jetzt die Grundrechte wegen \u201eCorona\u201c eingeschr\u00e4nkt. Wie kann es gelingen, in unserer weiteren Arbeit den engen Zusammenhang von sozialen und politischen Grund- und Freiheitsrechten st\u00e4rker zusammenzubringen?<\/em><br \/>\n<a href=\"https:\/\/was-tun-hamburg.de\/quo-vadis-die-linke\/wp-content\/uploads\/2021\/01\/Input_Grundrechte_FM.pdf\" target=\"_blank\" rel=\"noopener noreferrer\"><b>Input Florian Muhl &#8211; Diskussionsrunde am 21.01.2021<\/b><\/a><\/p>\n<h3>Kampf um Reformen im Interesse der Arbeiterklasse<\/h3>\n<p><em>Reformen im Interesse der Arbeiterklasse zur Eind\u00e4mmung der Macht der Monopole \u00f6ffnen den Weg in Richtung Sozialismus. Diese m\u00fcssen jedoch von der Klasse erk\u00e4mpft werden u.a. mit dem Mittel des \u00f6konomischen und politischen Streiks. Wie st\u00e4rken wir die DGB-Gewerkschaften in den Betrieben? Wie st\u00e4rken wir gewerkschaftliche und soziale K\u00e4mpfe und Bewegungen dar\u00fcber hinaus? Welche Rolle kann und sollte die LINKE in diesem Zusammenhang spielen?<\/em><br \/>\n<a href=\"https:\/\/was-tun-hamburg.de\/quo-vadis-die-linke\/wp-content\/uploads\/2021\/01\/Reformen-im-Interesse-der-Arbeiterklasse-Holger.pdf\" target=\"_blank\" rel=\"noopener noreferrer\"><b>Input Holger Griebner &#8211; Quo-Vadis-Diskussionsrunde am 21.01.2021<\/b><\/a><\/p>\n<h3>Rede auf der 1. Tagung des 7. Parteitages in Hamburg: f\u00fcr eine soziale Offensive von unten!<\/h3>\n<p><em>\u201eEs ist und bleibt die revolution\u00e4rste Tat immer das laut zu sagen, was ist\u201c. Und deshalb m\u00fcssen wir sagen, dass niemand anders die Kosten dieser Krise wird bezahlen sollen, als die unteren Schichten. Dies kann nur verhindert werden, wenn es uns \u2013 und vor allem der Arbeiterklasse \u2013 gelingt, mit gro\u00dfen Aktionen auf der Stra\u00dfe die Kr\u00e4fteverh\u00e4ltnisse in diesem Land grundlegend zu ver\u00e4ndern! (&#8230;) Das ist unsere Aufgabe: Der Offensive von Kapital und Kabinett, m\u00fcssen wir eine soziale Offensive von unten entgegensetzen. F\u00fcr h\u00f6here L\u00f6hne. F\u00fcr soziale Sicherheit. F\u00fcr Frieden und internationale Solidarit\u00e4t!<\/em><br \/>\n<a href=\"https:\/\/was-tun-hamburg.de\/quo-vadis-die-linke\/der-offensive-von-kapital-und-kabinett-unsere-offensive-entgegensetzen\/\" target=\"_self\" rel=\"noopener noreferrer\"><b>Redebeitrag auf der 1. Tagung des 7. Parteitages. Die Linke. Hamburg &#8211; 17.10.2020 &#8211; Friedrich-Ebert-Halle<\/b><\/a><\/p>\n<h3>Gemeinsame Erkl\u00e4rung Hamburger Genossinnen und Genossen im Vorfeld unserer Parteitage<\/h3>\n<p><em>Wir erleben gegenw\u00e4rtig, wie das kapitalistische System an seine inneren Grenzen st\u00f6\u00dft. Dieses System ist nicht dazu in der Lage, f\u00fcr die Mehrheit der Menschen auch nur grundlegende Lebensbedingungen zu gew\u00e4hrleisten. Soziale Absicherung, Wohnen, Gesundheitsversorgung, Bildung, Ern\u00e4hrung, sind auch f\u00fcr viele Menschen in den entwickelten Industriel\u00e4ndern nicht mehr garantiert. Aber auch die Grundlagen des Lebens \u2013 Umwelt und Klima \u2013 werden zerst\u00f6rt. Das kapitalistische System ist nicht nur selbst in der Krise, es f\u00fchrt zu einer elementaren Bedrohung f\u00fcr das \u00dcberleben von Millionen von Menschen.<\/em><br \/>\n<a href=\"https:\/\/was-tun-hamburg.de\/quo-vadis-die-linke\/\" target=\"_self\" rel=\"noopener noreferrer\"><b>Wie links muss die LINKE sein, um wirksam zu k\u00e4mpfen? &#8211; Erkl\u00e4rung vom 17.09.2020 im Vorfeld unserer Parteitage<\/b><\/a><\/p>\n<h3>Oppositionspolitik statt Unterordnung als Juniorpartner in b\u00fcrgerlichen Regierungen<\/h3>\n<p><em>\u201eQuo vadis\u201c \u2013 auf Deutsch: \u201ewohin gehst du?\u201c \u2013 ist ein Roman und jahrzehntelanger Bestseller \u00fcber die Zeit der Christenverfolgung unter dem r\u00f6mischen Herrscher Nero. \u201eQuo vadis?\u201c ist dort also eine Glaubensfrage. Im Colosseum als L\u00f6wenfutter enden oder das H\u00f6llenfeuer ewiger Verdammnis war die unerfreuliche Alternative. Damit konnte der Autor Henryk Sienkiewicz 1905 immerhin den Nobelpreis f\u00fcr Literatur einfahren. Wir haben eher irdische Alternativen im Sinn. Von Teilen der Partei, die ihre Position ausnutzen, um ihre Strategien an die \u00d6ffentlichkeit zu bringen, gehen klare Signale aus, die Partei Die Linke im kommenden Jahr mit einer Koalitionsaussage rot-rot-gr\u00fcn in den Bundestagswahlkampf f\u00fchren zu wollen.<\/em><br \/>\n<a href=\"https:\/\/was-tun-hamburg.de\/quo-vadis-die-linke\/wp-content\/uploads\/2021\/01\/QuoVadisInput200819.pdf\" target=\"_blank\" rel=\"noopener noreferrer\"><b>Input Uli Ludwig &#8211; Quo-Vadis-Diskussionsrunde am 19.08.2020<\/b><\/a><\/p>\n<h3>Rot-Rot-Gr\u00fcn ist ein Irrweg<\/h3>\n<p><em>Im Sommerinterview des ZDF bemerkte Katja Kipping am Sonntag: Wir wollen in die Bundesregierung, denn nur so lie\u00dfen sich Menschen f\u00fcr linke Politik begeistern. Schon im Thesenpapier des gesch\u00e4ftsf\u00fchrenden Vorstandes hie\u00df es dazu im Mai: Die Linke soll sich im Bundestagwahlkampf 2021 f\u00fcr eine rot-rot-gr\u00fcne Regierung stark machen \u2026<\/em><br \/>\n<a href=\"https:\/\/was-tun-hamburg.de\/quo-vadis-die-linke\/wp-content\/uploads\/2021\/01\/Input-rot-rot-gruen-09-08-2020-BMV-Mitte.pdf\" target=\"_blank\" rel=\"noopener noreferrer\"><b>Input Andreas Gr\u00fcnwald &#8211; Bezirksmitgliederversammlung Hamburg Mitte am 09.08.2020<\/b><\/a><br \/>\n&nbsp;<br \/>\n&nbsp;<br \/>\n&nbsp;<\/p>\n<p><em><\/em><\/p>\n<p><em><\/em><em><\/em><\/p>\n","protected":false},"excerpt":{"rendered":"<p>Die Zukunft der Weltordnung &#8211; unipolare versus multipolare Weltordnung In Auswertung von zwei l\u00e4ngeren Ausarbeitungen von Peter Wahl und Birgit Mahnkopf diskutierten wir am 6. Januar 2023 die aktuellen geostrategischen Konflikte, f\u00fcr die uns Heinz-Dieter Lechte und Uli Ludwig spannende Input-Referate lieferten. Referate Lechte \/ Ludwig Die Zukunft der Weltordnung \u2013 unipolare versus multipolare Weltordnung &hellip; <a href=\"https:\/\/was-tun-hamburg.de\/quo-vadis-die-linke\/material-referate-hintergrund\/\" class=\"more-link\"><span class=\"screen-reader-text\">&#8222;Material \/ Referate \/ Hintergrund&#8220; <\/span>weiterlesen<\/a><\/p>\n","protected":false},"author":1,"featured_media":0,"parent":0,"menu_order":0,"comment_status":"closed","ping_status":"closed","template":"","meta":{"footnotes":""},"yoast_head":"<!-- This site is optimized with the Yoast SEO plugin v22.0 - https:\/\/yoast.com\/wordpress\/plugins\/seo\/ -->\n<title>Material \/ Referate \/ Hintergrund -<\/title>\n<meta name=\"robots\" content=\"index, follow, max-snippet:-1, max-image-preview:large, max-video-preview:-1\" \/>\n<link rel=\"canonical\" href=\"https:\/\/was-tun-hamburg.de\/quo-vadis-die-linke\/material-referate-hintergrund\/\" \/>\n<meta property=\"og:locale\" content=\"de_DE\" \/>\n<meta property=\"og:type\" content=\"article\" \/>\n<meta property=\"og:title\" content=\"Material \/ Referate \/ Hintergrund -\" \/>\n<meta property=\"og:description\" content=\"Die Zukunft der Weltordnung &#8211; unipolare versus multipolare Weltordnung In Auswertung von zwei l\u00e4ngeren Ausarbeitungen von Peter Wahl und Birgit Mahnkopf diskutierten wir am 6. Januar 2023 die aktuellen geostrategischen Konflikte, f\u00fcr die uns Heinz-Dieter Lechte und Uli Ludwig spannende Input-Referate lieferten. Referate Lechte \/ Ludwig Die Zukunft der Weltordnung \u2013 unipolare versus multipolare Weltordnung &hellip; &#8222;Material \/ Referate \/ Hintergrund&#8220; weiterlesen\" \/>\n<meta property=\"og:url\" content=\"https:\/\/was-tun-hamburg.de\/quo-vadis-die-linke\/material-referate-hintergrund\/\" \/>\n<meta property=\"article:modified_time\" content=\"2023-01-22T18:10:42+00:00\" \/>\n<meta name=\"twitter:card\" content=\"summary_large_image\" \/>\n<meta name=\"twitter:label1\" content=\"Gesch\u00e4tzte Lesezeit\" \/>\n\t<meta name=\"twitter:data1\" content=\"8\u00a0Minuten\" \/>\n<script type=\"application\/ld+json\" class=\"yoast-schema-graph\">{\"@context\":\"https:\/\/schema.org\",\"@graph\":[{\"@type\":\"WebPage\",\"@id\":\"https:\/\/was-tun-hamburg.de\/quo-vadis-die-linke\/material-referate-hintergrund\/\",\"url\":\"https:\/\/was-tun-hamburg.de\/quo-vadis-die-linke\/material-referate-hintergrund\/\",\"name\":\"Material \/ Referate \/ Hintergrund -\",\"isPartOf\":{\"@id\":\"https:\/\/was-tun-hamburg.de\/quo-vadis-die-linke\/#website\"},\"datePublished\":\"2021-01-26T04:01:17+00:00\",\"dateModified\":\"2023-01-22T18:10:42+00:00\",\"breadcrumb\":{\"@id\":\"https:\/\/was-tun-hamburg.de\/quo-vadis-die-linke\/material-referate-hintergrund\/#breadcrumb\"},\"inLanguage\":\"de\",\"potentialAction\":[{\"@type\":\"ReadAction\",\"target\":[\"https:\/\/was-tun-hamburg.de\/quo-vadis-die-linke\/material-referate-hintergrund\/\"]}]},{\"@type\":\"BreadcrumbList\",\"@id\":\"https:\/\/was-tun-hamburg.de\/quo-vadis-die-linke\/material-referate-hintergrund\/#breadcrumb\",\"itemListElement\":[{\"@type\":\"ListItem\",\"position\":1,\"name\":\"Startseite\",\"item\":\"https:\/\/was-tun-hamburg.de\/quo-vadis-die-linke\/\"},{\"@type\":\"ListItem\",\"position\":2,\"name\":\"Material \/ Referate \/ Hintergrund\"}]},{\"@type\":\"WebSite\",\"@id\":\"https:\/\/was-tun-hamburg.de\/quo-vadis-die-linke\/#website\",\"url\":\"https:\/\/was-tun-hamburg.de\/quo-vadis-die-linke\/\",\"name\":\"\",\"description\":\"\",\"potentialAction\":[{\"@type\":\"SearchAction\",\"target\":{\"@type\":\"EntryPoint\",\"urlTemplate\":\"https:\/\/was-tun-hamburg.de\/quo-vadis-die-linke\/?s={search_term_string}\"},\"query-input\":\"required name=search_term_string\"}],\"inLanguage\":\"de\"}]}<\/script>\n<!-- \/ Yoast SEO plugin. -->","yoast_head_json":{"title":"Material \/ Referate \/ Hintergrund -","robots":{"index":"index","follow":"follow","max-snippet":"max-snippet:-1","max-image-preview":"max-image-preview:large","max-video-preview":"max-video-preview:-1"},"canonical":"https:\/\/was-tun-hamburg.de\/quo-vadis-die-linke\/material-referate-hintergrund\/","og_locale":"de_DE","og_type":"article","og_title":"Material \/ Referate \/ Hintergrund -","og_description":"Die Zukunft der Weltordnung &#8211; unipolare versus multipolare Weltordnung In Auswertung von zwei l\u00e4ngeren Ausarbeitungen von Peter Wahl und Birgit Mahnkopf diskutierten wir am 6. Januar 2023 die aktuellen geostrategischen Konflikte, f\u00fcr die uns Heinz-Dieter Lechte und Uli Ludwig spannende Input-Referate lieferten. Referate Lechte \/ Ludwig Die Zukunft der Weltordnung \u2013 unipolare versus multipolare Weltordnung &hellip; &#8222;Material \/ Referate \/ Hintergrund&#8220; weiterlesen","og_url":"https:\/\/was-tun-hamburg.de\/quo-vadis-die-linke\/material-referate-hintergrund\/","article_modified_time":"2023-01-22T18:10:42+00:00","twitter_card":"summary_large_image","twitter_misc":{"Gesch\u00e4tzte Lesezeit":"8\u00a0Minuten"},"schema":{"@context":"https:\/\/schema.org","@graph":[{"@type":"WebPage","@id":"https:\/\/was-tun-hamburg.de\/quo-vadis-die-linke\/material-referate-hintergrund\/","url":"https:\/\/was-tun-hamburg.de\/quo-vadis-die-linke\/material-referate-hintergrund\/","name":"Material \/ Referate \/ Hintergrund -","isPartOf":{"@id":"https:\/\/was-tun-hamburg.de\/quo-vadis-die-linke\/#website"},"datePublished":"2021-01-26T04:01:17+00:00","dateModified":"2023-01-22T18:10:42+00:00","breadcrumb":{"@id":"https:\/\/was-tun-hamburg.de\/quo-vadis-die-linke\/material-referate-hintergrund\/#breadcrumb"},"inLanguage":"de","potentialAction":[{"@type":"ReadAction","target":["https:\/\/was-tun-hamburg.de\/quo-vadis-die-linke\/material-referate-hintergrund\/"]}]},{"@type":"BreadcrumbList","@id":"https:\/\/was-tun-hamburg.de\/quo-vadis-die-linke\/material-referate-hintergrund\/#breadcrumb","itemListElement":[{"@type":"ListItem","position":1,"name":"Startseite","item":"https:\/\/was-tun-hamburg.de\/quo-vadis-die-linke\/"},{"@type":"ListItem","position":2,"name":"Material \/ Referate \/ Hintergrund"}]},{"@type":"WebSite","@id":"https:\/\/was-tun-hamburg.de\/quo-vadis-die-linke\/#website","url":"https:\/\/was-tun-hamburg.de\/quo-vadis-die-linke\/","name":"","description":"","potentialAction":[{"@type":"SearchAction","target":{"@type":"EntryPoint","urlTemplate":"https:\/\/was-tun-hamburg.de\/quo-vadis-die-linke\/?s={search_term_string}"},"query-input":"required name=search_term_string"}],"inLanguage":"de"}]}},"_links":{"self":[{"href":"https:\/\/was-tun-hamburg.de\/quo-vadis-die-linke\/wp-json\/wp\/v2\/pages\/253"}],"collection":[{"href":"https:\/\/was-tun-hamburg.de\/quo-vadis-die-linke\/wp-json\/wp\/v2\/pages"}],"about":[{"href":"https:\/\/was-tun-hamburg.de\/quo-vadis-die-linke\/wp-json\/wp\/v2\/types\/page"}],"author":[{"embeddable":true,"href":"https:\/\/was-tun-hamburg.de\/quo-vadis-die-linke\/wp-json\/wp\/v2\/users\/1"}],"replies":[{"embeddable":true,"href":"https:\/\/was-tun-hamburg.de\/quo-vadis-die-linke\/wp-json\/wp\/v2\/comments?post=253"}],"version-history":[{"count":9,"href":"https:\/\/was-tun-hamburg.de\/quo-vadis-die-linke\/wp-json\/wp\/v2\/pages\/253\/revisions"}],"predecessor-version":[{"id":1165,"href":"https:\/\/was-tun-hamburg.de\/quo-vadis-die-linke\/wp-json\/wp\/v2\/pages\/253\/revisions\/1165"}],"wp:attachment":[{"href":"https:\/\/was-tun-hamburg.de\/quo-vadis-die-linke\/wp-json\/wp\/v2\/media?parent=253"}],"curies":[{"name":"wp","href":"https:\/\/api.w.org\/{rel}","templated":true}]}}