{"id":351,"date":"2020-10-17T04:16:00","date_gmt":"2020-10-17T02:16:00","guid":{"rendered":"https:\/\/was-tun-hamburg.de\/quo-vadis-die-linke\/?page_id=351"},"modified":"2021-01-28T04:48:22","modified_gmt":"2021-01-28T03:48:22","slug":"der-offensive-von-kapital-und-kabinett-unsere-offensive-entgegensetzen","status":"publish","type":"page","link":"https:\/\/was-tun-hamburg.de\/quo-vadis-die-linke\/der-offensive-von-kapital-und-kabinett-unsere-offensive-entgegensetzen\/","title":{"rendered":"Der Offensive von Kapital und Kabinett unsere Offensive entgegensetzen!"},"content":{"rendered":"<p><big>Redebeitrag auf der ersten Tagung des 7. Landesparteitages der Partei Die Linke. Hamburg &#8211; Samstag, 17.10.2020 &#8211; Friedrich-Ebert Halle in Harburg<\/big><br \/>\n<img decoding=\"async\" src=\"https:\/\/was-tun-hamburg.de\/quo-vadis-die-linke\/wp-content\/uploads\/2021\/01\/Partei_in_Bewegung_340x182.jpg\" style=\"width:100%;margin:20px;margin-left:0px;margin-right:0px;\"><\/p>\n<p>Liebe Genossinnen und Genossen,<\/p>\n<p>zum Leitantrag des Landesvorstandes f\u00fcr diesen Parteitag gibt es eine Reihe gute \u00c4nderungsantr\u00e4ge. Die Antragskommission empfiehlt deren Annahme. Das ist gut. Aber selbst bei vollst\u00e4ndiger \u00dcbernahme bleibt der uns vorliegende Alternative Leitantrag aus dem Bezirksverband Mitte der Bessere.<\/p>\n<p>\u201eLinkes Handeln in der Krise\u201c \u2013 so beginnt das Vorstandspapier. Behandelt wird dann aber haupts\u00e4chlich die Corona-Krise. Die sei eine \u201enat\u00fcrlichen Bedrohung\u201c. Aber sind denn die Umst\u00e4nde, wie sich dieser Virus ausbreiten konnte, \u201enaturbedingt\u201c? Spielt die kapitalistische Profitlogik da keine Rolle? Sozialistinnen und Sozialisten k\u00e4mpfen f\u00fcr ein besseres Gesundheitssystem. Um die Gesundheit der Menschen zu sch\u00fctzen, ist aber ein gesellschaftlicher Zustand sozialen Wohlbefindens mindestens ebenso wichtig. Linke Gesundheitspolitik ist daher vom Kampf f\u00fcr gute Arbeits- und Lebensbedingungen niemals zu trennen.<\/p>\n<p>Vollkommen unterbelichtet ist im Vorstandspapier die Wirtschaftskrise. Deren Tiefe und bedrohliche Qualit\u00e4t wird \u00fcberhaupt nicht erfasst. \u201eEs zeichnet sich ein historisches Krisenszenario ab, das die Form einer Doppelkrise\u201c annehme. Eine \u201ezyklische Krise (treffe) auf den externen Druck einer Pandemie\u201c. Und weiter: \u201eSystemische Aspekte\u201c seien in der \u00f6ffentlichen Debatte aber unterbelichtet.<\/p>\n<p>\u201eSystemische Aspekte\u201c? Mit Verlaub: Was ist das denn? Halten wir fest: Wir stehen aktuell vor der schwersten \u00f6konomischen Krise im Kapitalismus seit der Gro\u00dfen Depression von 1929. Das ist eine zyklische Krise. Aber es ist mehr: eine tiefe, strukturelle Krise kapitalistischen Verwertung, die systemimmanent doch kaum noch zu l\u00f6sen ist. Das, Genossinnen und Genossen, ist aber keine akademische Frage, denn wenn wir das nicht richtig analysieren, k\u00f6nnen wir auch die aktuellen Wendungen neoliberaler Politik, doch \u00fcberhaupt nicht erfassen.<\/p>\n<p>Ein Beispiel daf\u00fcr: Im Vorstandsantrag hei\u00dft es, dass die \u201ein gro\u00dfer Eile beschlossenen Stabilisierungsprogramme\u201c nur \u201ekurzfristige Notl\u00f6sungen\u201c seien. Sorry. Aber das ist doch eine totale Verharmlosung dessen, was wir gerade erleben! Denn dieses Krisenprogramm ist doch nichts anderes, als ein gewaltiges Umverteilungsprogramm zu Gunsten des gro\u00dfen Kapitals und zu Lasten der einfachen Menschen. Rosa Luxemburg sagte dazu: \u201eEs ist und bleibt die revolution\u00e4rste Tat immer das laut zu sagen, was ist\u201c. Und deshalb m\u00fcssen wir sagen, dass niemand anders die Kosten dieser Krise wird bezahlen sollen, als die unteren Schichten. Dies kann nur verhindert werden, wenn es uns &#8211; und vor allem der Arbeiterklasse &#8211; gelingt, mit gro\u00dfen Aktionen auf der Stra\u00dfe die Kr\u00e4fteverh\u00e4ltnisse in diesem Land grundlegend zu ver\u00e4ndern!<\/p>\n<p>Im Alternativen Leitantrag gibt es eine solche Orientierung: \u201eRadikale Reformen stehen auf der (..) Tagesordnung.\u201c \u2013 Deren Umsetzung beginne mit dem Kampf um h\u00f6here L\u00f6hne. Mit dem Kampf um bessere Arbeitsbedingungen. Mit dem Kampf um Arbeitszeitverk\u00fcrzungen. Denn erst in solchen K\u00e4mpfen entsteht die Kraft, die schlie\u00dflich dazu in der Lage ist noch mehr zu bewirken. Machen wir uns nichts vor: Ohne eine Vergesellschaftung mindestens der gro\u00dfen Energiebetriebe und der Automobilindustrie, kann es eine soziale und \u00f6kologische Wende niemals geben.<\/p>\n<p>Es ist unsere Aufgabe diese soziale und \u00f6kologische Frage als eine Einheit zu denken. Letztendlich geht es dabei um Demokratie.<\/p>\n<p>Kein Wort finde ich im Vorstandsantrag zur Lage der Fl\u00fcchtlinge. Kein Wort zu Bildung, Wissenschaft und Kultur. Kein Wort zum Erstarken rechter Kr\u00e4fte, samt AfD. Aber eine Linke ohne internationale Solidarit\u00e4t und ohne Antifaschismus kann es nicht geben. Deshalb k\u00e4mpfen wir gegen Kriege und knebelnde Freihandelsvertr\u00e4ge, in denen die Gewinne privatisiert, die Verluste aber sozialisiert werden. Deshalb k\u00e4mpfen wir f\u00fcr eine Gesellschaft ohne Kriege und ohne Wirtschaftskriege. Gegen die neoliberale Auspl\u00fcnderung von Mensch und Natur!<\/p>\n<p>Lasst uns den alternativen Antrag annehmen. Nehmen wir anschlie\u00dfend dann aber auch noch alle anderen Papiere dazu. Das Quo-Vadis-Papier. Das von Gilbert zur Reformpolitik. Beauftragen wir den neuen Vorstand dann zu alledem eine umfassende Strategiedebatte zu organisieren, die wirklich alle einbezieht und die es uns so erm\u00f6glicht eine Handlungsorientierung auszuarbeiten, welche der besonderen Qualit\u00e4t der Angriffe von Kapital und Kabinett dann wirklich gerecht wird. Denn das ist unsere Aufgabe: Der Offensive von Kapital und Kabinett, m\u00fcssen wir eine soziale Offensive von unten entgegensetzen. F\u00fcr h\u00f6here L\u00f6hne. F\u00fcr soziale Sicherheit. F\u00fcr Frieden und internationale Solidarit\u00e4t!<\/p>\n<p>[Ausarbeitung: kollektiv. Vortragender: A. Gr\u00fcnwald]<br \/>\n&nbsp;<br \/>\n&nbsp;<br \/>\n&nbsp;<\/p>\n","protected":false},"excerpt":{"rendered":"<p>Redebeitrag auf der ersten Tagung des 7. Landesparteitages der Partei Die Linke. Hamburg &#8211; Samstag, 17.10.2020 &#8211; Friedrich-Ebert Halle in Harburg Liebe Genossinnen und Genossen, zum Leitantrag des Landesvorstandes f\u00fcr diesen Parteitag gibt es eine Reihe gute \u00c4nderungsantr\u00e4ge. Die Antragskommission empfiehlt deren Annahme. Das ist gut. Aber selbst bei vollst\u00e4ndiger \u00dcbernahme bleibt der uns vorliegende &hellip; <a href=\"https:\/\/was-tun-hamburg.de\/quo-vadis-die-linke\/der-offensive-von-kapital-und-kabinett-unsere-offensive-entgegensetzen\/\" class=\"more-link\"><span class=\"screen-reader-text\">&#8222;Der Offensive von Kapital und Kabinett unsere Offensive entgegensetzen!&#8220; <\/span>weiterlesen<\/a><\/p>\n","protected":false},"author":1,"featured_media":0,"parent":0,"menu_order":0,"comment_status":"closed","ping_status":"closed","template":"","meta":{"footnotes":""},"yoast_head":"<!-- This site is optimized with the Yoast SEO plugin v22.0 - https:\/\/yoast.com\/wordpress\/plugins\/seo\/ -->\n<title>Der Offensive von Kapital und Kabinett unsere Offensive entgegensetzen! -<\/title>\n<meta name=\"robots\" content=\"index, follow, max-snippet:-1, max-image-preview:large, max-video-preview:-1\" \/>\n<link rel=\"canonical\" href=\"https:\/\/was-tun-hamburg.de\/quo-vadis-die-linke\/der-offensive-von-kapital-und-kabinett-unsere-offensive-entgegensetzen\/\" \/>\n<meta property=\"og:locale\" content=\"de_DE\" \/>\n<meta property=\"og:type\" content=\"article\" \/>\n<meta property=\"og:title\" content=\"Der Offensive von Kapital und Kabinett unsere Offensive entgegensetzen!\" \/>\n<meta property=\"og:description\" content=\"Das ist unsere Aufgabe: Der Offensive von Kapital und Kabinett, m\u00fcssen wir eine soziale Offensive von unten entgegensetzen. F\u00fcr h\u00f6here L\u00f6hne. F\u00fcr soziale Sicherheit. F\u00fcr Frieden und internationale Solidarit\u00e4t!\" \/>\n<meta property=\"og:url\" content=\"https:\/\/was-tun-hamburg.de\/quo-vadis-die-linke\/der-offensive-von-kapital-und-kabinett-unsere-offensive-entgegensetzen\/\" \/>\n<meta property=\"article:modified_time\" content=\"2021-01-28T03:48:22+00:00\" \/>\n<meta property=\"og:image\" content=\"https:\/\/was-tun-hamburg.de\/quo-vadis-die-linke\/wp-content\/uploads\/2021\/01\/Partei_in_Bewegung_340x182.jpg\" \/>\n\t<meta property=\"og:image:width\" content=\"680\" \/>\n\t<meta property=\"og:image:height\" content=\"364\" \/>\n\t<meta property=\"og:image:type\" content=\"image\/jpeg\" \/>\n<meta name=\"twitter:card\" content=\"summary_large_image\" \/>\n<meta name=\"twitter:title\" content=\"Der Offensive von Kapital und Kabinett unsere Offensive entgegensetzen!\" \/>\n<meta name=\"twitter:description\" content=\"Das ist unsere Aufgabe: Der Offensive von Kapital und Kabinett, m\u00fcssen wir eine soziale Offensive von unten entgegensetzen. F\u00fcr h\u00f6here L\u00f6hne. F\u00fcr soziale Sicherheit. F\u00fcr Frieden und internationale Solidarit\u00e4t!\" \/>\n<meta name=\"twitter:image\" content=\"https:\/\/was-tun-hamburg.de\/quo-vadis-die-linke\/wp-content\/uploads\/2021\/01\/Partei_in_Bewegung_340x182.jpg\" \/>\n<meta name=\"twitter:label1\" content=\"Gesch\u00e4tzte Lesezeit\" \/>\n\t<meta name=\"twitter:data1\" content=\"4\u00a0Minuten\" \/>\n<script type=\"application\/ld+json\" class=\"yoast-schema-graph\">{\"@context\":\"https:\/\/schema.org\",\"@graph\":[{\"@type\":\"WebPage\",\"@id\":\"https:\/\/was-tun-hamburg.de\/quo-vadis-die-linke\/der-offensive-von-kapital-und-kabinett-unsere-offensive-entgegensetzen\/\",\"url\":\"https:\/\/was-tun-hamburg.de\/quo-vadis-die-linke\/der-offensive-von-kapital-und-kabinett-unsere-offensive-entgegensetzen\/\",\"name\":\"Der Offensive von Kapital und Kabinett unsere Offensive entgegensetzen! -\",\"isPartOf\":{\"@id\":\"https:\/\/was-tun-hamburg.de\/quo-vadis-die-linke\/#website\"},\"datePublished\":\"2020-10-17T02:16:00+00:00\",\"dateModified\":\"2021-01-28T03:48:22+00:00\",\"breadcrumb\":{\"@id\":\"https:\/\/was-tun-hamburg.de\/quo-vadis-die-linke\/der-offensive-von-kapital-und-kabinett-unsere-offensive-entgegensetzen\/#breadcrumb\"},\"inLanguage\":\"de\",\"potentialAction\":[{\"@type\":\"ReadAction\",\"target\":[\"https:\/\/was-tun-hamburg.de\/quo-vadis-die-linke\/der-offensive-von-kapital-und-kabinett-unsere-offensive-entgegensetzen\/\"]}]},{\"@type\":\"BreadcrumbList\",\"@id\":\"https:\/\/was-tun-hamburg.de\/quo-vadis-die-linke\/der-offensive-von-kapital-und-kabinett-unsere-offensive-entgegensetzen\/#breadcrumb\",\"itemListElement\":[{\"@type\":\"ListItem\",\"position\":1,\"name\":\"Startseite\",\"item\":\"https:\/\/was-tun-hamburg.de\/quo-vadis-die-linke\/\"},{\"@type\":\"ListItem\",\"position\":2,\"name\":\"Der Offensive von Kapital und Kabinett unsere Offensive entgegensetzen!\"}]},{\"@type\":\"WebSite\",\"@id\":\"https:\/\/was-tun-hamburg.de\/quo-vadis-die-linke\/#website\",\"url\":\"https:\/\/was-tun-hamburg.de\/quo-vadis-die-linke\/\",\"name\":\"\",\"description\":\"\",\"potentialAction\":[{\"@type\":\"SearchAction\",\"target\":{\"@type\":\"EntryPoint\",\"urlTemplate\":\"https:\/\/was-tun-hamburg.de\/quo-vadis-die-linke\/?s={search_term_string}\"},\"query-input\":\"required name=search_term_string\"}],\"inLanguage\":\"de\"}]}<\/script>\n<!-- \/ Yoast SEO plugin. -->","yoast_head_json":{"title":"Der Offensive von Kapital und Kabinett unsere Offensive entgegensetzen! -","robots":{"index":"index","follow":"follow","max-snippet":"max-snippet:-1","max-image-preview":"max-image-preview:large","max-video-preview":"max-video-preview:-1"},"canonical":"https:\/\/was-tun-hamburg.de\/quo-vadis-die-linke\/der-offensive-von-kapital-und-kabinett-unsere-offensive-entgegensetzen\/","og_locale":"de_DE","og_type":"article","og_title":"Der Offensive von Kapital und Kabinett unsere Offensive entgegensetzen!","og_description":"Das ist unsere Aufgabe: Der Offensive von Kapital und Kabinett, m\u00fcssen wir eine soziale Offensive von unten entgegensetzen. F\u00fcr h\u00f6here L\u00f6hne. F\u00fcr soziale Sicherheit. F\u00fcr Frieden und internationale Solidarit\u00e4t!","og_url":"https:\/\/was-tun-hamburg.de\/quo-vadis-die-linke\/der-offensive-von-kapital-und-kabinett-unsere-offensive-entgegensetzen\/","article_modified_time":"2021-01-28T03:48:22+00:00","og_image":[{"width":680,"height":364,"url":"https:\/\/was-tun-hamburg.de\/quo-vadis-die-linke\/wp-content\/uploads\/2021\/01\/Partei_in_Bewegung_340x182.jpg","type":"image\/jpeg"}],"twitter_card":"summary_large_image","twitter_title":"Der Offensive von Kapital und Kabinett unsere Offensive entgegensetzen!","twitter_description":"Das ist unsere Aufgabe: Der Offensive von Kapital und Kabinett, m\u00fcssen wir eine soziale Offensive von unten entgegensetzen. F\u00fcr h\u00f6here L\u00f6hne. F\u00fcr soziale Sicherheit. F\u00fcr Frieden und internationale Solidarit\u00e4t!","twitter_image":"https:\/\/was-tun-hamburg.de\/quo-vadis-die-linke\/wp-content\/uploads\/2021\/01\/Partei_in_Bewegung_340x182.jpg","twitter_misc":{"Gesch\u00e4tzte Lesezeit":"4\u00a0Minuten"},"schema":{"@context":"https:\/\/schema.org","@graph":[{"@type":"WebPage","@id":"https:\/\/was-tun-hamburg.de\/quo-vadis-die-linke\/der-offensive-von-kapital-und-kabinett-unsere-offensive-entgegensetzen\/","url":"https:\/\/was-tun-hamburg.de\/quo-vadis-die-linke\/der-offensive-von-kapital-und-kabinett-unsere-offensive-entgegensetzen\/","name":"Der Offensive von Kapital und Kabinett unsere Offensive entgegensetzen! -","isPartOf":{"@id":"https:\/\/was-tun-hamburg.de\/quo-vadis-die-linke\/#website"},"datePublished":"2020-10-17T02:16:00+00:00","dateModified":"2021-01-28T03:48:22+00:00","breadcrumb":{"@id":"https:\/\/was-tun-hamburg.de\/quo-vadis-die-linke\/der-offensive-von-kapital-und-kabinett-unsere-offensive-entgegensetzen\/#breadcrumb"},"inLanguage":"de","potentialAction":[{"@type":"ReadAction","target":["https:\/\/was-tun-hamburg.de\/quo-vadis-die-linke\/der-offensive-von-kapital-und-kabinett-unsere-offensive-entgegensetzen\/"]}]},{"@type":"BreadcrumbList","@id":"https:\/\/was-tun-hamburg.de\/quo-vadis-die-linke\/der-offensive-von-kapital-und-kabinett-unsere-offensive-entgegensetzen\/#breadcrumb","itemListElement":[{"@type":"ListItem","position":1,"name":"Startseite","item":"https:\/\/was-tun-hamburg.de\/quo-vadis-die-linke\/"},{"@type":"ListItem","position":2,"name":"Der Offensive von Kapital und Kabinett unsere Offensive entgegensetzen!"}]},{"@type":"WebSite","@id":"https:\/\/was-tun-hamburg.de\/quo-vadis-die-linke\/#website","url":"https:\/\/was-tun-hamburg.de\/quo-vadis-die-linke\/","name":"","description":"","potentialAction":[{"@type":"SearchAction","target":{"@type":"EntryPoint","urlTemplate":"https:\/\/was-tun-hamburg.de\/quo-vadis-die-linke\/?s={search_term_string}"},"query-input":"required name=search_term_string"}],"inLanguage":"de"}]}},"_links":{"self":[{"href":"https:\/\/was-tun-hamburg.de\/quo-vadis-die-linke\/wp-json\/wp\/v2\/pages\/351"}],"collection":[{"href":"https:\/\/was-tun-hamburg.de\/quo-vadis-die-linke\/wp-json\/wp\/v2\/pages"}],"about":[{"href":"https:\/\/was-tun-hamburg.de\/quo-vadis-die-linke\/wp-json\/wp\/v2\/types\/page"}],"author":[{"embeddable":true,"href":"https:\/\/was-tun-hamburg.de\/quo-vadis-die-linke\/wp-json\/wp\/v2\/users\/1"}],"replies":[{"embeddable":true,"href":"https:\/\/was-tun-hamburg.de\/quo-vadis-die-linke\/wp-json\/wp\/v2\/comments?post=351"}],"version-history":[{"count":10,"href":"https:\/\/was-tun-hamburg.de\/quo-vadis-die-linke\/wp-json\/wp\/v2\/pages\/351\/revisions"}],"predecessor-version":[{"id":365,"href":"https:\/\/was-tun-hamburg.de\/quo-vadis-die-linke\/wp-json\/wp\/v2\/pages\/351\/revisions\/365"}],"wp:attachment":[{"href":"https:\/\/was-tun-hamburg.de\/quo-vadis-die-linke\/wp-json\/wp\/v2\/media?parent=351"}],"curies":[{"name":"wp","href":"https:\/\/api.w.org\/{rel}","templated":true}]}}