{"id":927,"date":"2022-02-02T16:38:45","date_gmt":"2022-02-02T15:38:45","guid":{"rendered":"https:\/\/was-tun-hamburg.de\/quo-vadis-die-linke\/?page_id=927"},"modified":"2022-02-02T16:42:15","modified_gmt":"2022-02-02T15:42:15","slug":"filmbericht-zum-mitgliedertreffen-am-21-januar-2022","status":"publish","type":"page","link":"https:\/\/was-tun-hamburg.de\/quo-vadis-die-linke\/filmbericht-zum-mitgliedertreffen-am-21-januar-2022\/","title":{"rendered":"Filmbericht zum Mitgliedertreffen am 21. Januar 2022"},"content":{"rendered":"<p>F\u00fcr den 21. Januar 2022 hatte die Koordinierungsgruppe f\u00fcr unseren <a href=\"https:\/\/was-tun-hamburg.de\/quo-vadis-die-linke\/antrag-lpt-21-22-01-2022\/\" target=\"_self\" rel=\"noopener noreferrer\"><b>Antrag an den Landesparteitag Aufgaben der LINKEN<\/b><\/a> zu einem Mitgliedertreffen eingeladen.<\/p>\n<p>Entsprechende Themen waren in der <a href=\"https:\/\/was-tun-hamburg.de\/quo-vadis-die-linke\/wp-content\/uploads\/2022\/01\/Mitgliedertreffen-LINKE-HH-21-1-2022.pdf\" target=\"_blank\" rel=\"noopener noreferrer\"><b>Einladung zum Mitgliedertreffen<\/b><\/a> im Saal des Wilhelmsburger B\u00fcrgerhauses festgehalten, zu dem wir als Eingangsreferent:innen unseren Genossen Norman Paech (Professor f\u00fcr \u00d6ffentliches Recht und V\u00f6lkerrecht, au\u00dfenpolitischer Sprecher der LINKE-Bundestagsfraktion 2005-2009) sowie Mariane Linke (Sozialministerin in Mecklenburg-Vorpommern 2002-2006) eingeladen hatten.<\/p>\n<p>Hier dazu einen kleinen Filmbericht, der die Einf\u00fchrungsbeitr\u00e4ge durch Florian und Metin sowie dann die Er\u00f6ffnungsbeitr\u00e4ge von Norman und Marianne dokumentiert:<\/p>\n<p><center><iframe loading=\"lazy\" width=\"560\" height=\"315\" src=\"https:\/\/www.youtube.com\/embed\/eX3I0okJrqw\" title=\"YouTube video player\" frameborder=\"0\" allow=\"accelerometer; autoplay; clipboard-write; encrypted-media; gyroscope; picture-in-picture\" allowfullscreen=\"\"><\/iframe><\/center><\/p>\n<p>&nbsp;<br \/>\n&nbsp;<\/p>\n","protected":false},"excerpt":{"rendered":"<p>F\u00fcr den 21. Januar 2022 hatte die Koordinierungsgruppe f\u00fcr unseren Antrag an den Landesparteitag Aufgaben der LINKEN zu einem Mitgliedertreffen eingeladen. Entsprechende Themen waren in der Einladung zum Mitgliedertreffen im Saal des Wilhelmsburger B\u00fcrgerhauses festgehalten, zu dem wir als Eingangsreferent:innen unseren Genossen Norman Paech (Professor f\u00fcr \u00d6ffentliches Recht und V\u00f6lkerrecht, au\u00dfenpolitischer Sprecher der LINKE-Bundestagsfraktion 2005-2009) &hellip; <a href=\"https:\/\/was-tun-hamburg.de\/quo-vadis-die-linke\/filmbericht-zum-mitgliedertreffen-am-21-januar-2022\/\" class=\"more-link\"><span class=\"screen-reader-text\">&#8222;Filmbericht zum Mitgliedertreffen am 21. Januar 2022&#8220; <\/span>weiterlesen<\/a><\/p>\n","protected":false},"author":1,"featured_media":0,"parent":0,"menu_order":0,"comment_status":"closed","ping_status":"closed","template":"","meta":{"footnotes":""},"yoast_head":"<!-- This site is optimized with the Yoast SEO plugin v22.0 - https:\/\/yoast.com\/wordpress\/plugins\/seo\/ -->\n<title>Filmbericht zum Mitgliedertreffen am 21. Januar 2022 -<\/title>\n<meta name=\"robots\" content=\"index, follow, max-snippet:-1, max-image-preview:large, max-video-preview:-1\" \/>\n<link rel=\"canonical\" href=\"https:\/\/was-tun-hamburg.de\/quo-vadis-die-linke\/filmbericht-zum-mitgliedertreffen-am-21-januar-2022\/\" \/>\n<meta property=\"og:locale\" content=\"de_DE\" \/>\n<meta property=\"og:type\" content=\"article\" \/>\n<meta property=\"og:title\" content=\"Filmbericht zum Mitgliedertreffen am 21. Januar 2022 -\" \/>\n<meta property=\"og:description\" content=\"F\u00fcr den 21. Januar 2022 hatte die Koordinierungsgruppe f\u00fcr unseren Antrag an den Landesparteitag Aufgaben der LINKEN zu einem Mitgliedertreffen eingeladen. Entsprechende Themen waren in der Einladung zum Mitgliedertreffen im Saal des Wilhelmsburger B\u00fcrgerhauses festgehalten, zu dem wir als Eingangsreferent:innen unseren Genossen Norman Paech (Professor f\u00fcr \u00d6ffentliches Recht und V\u00f6lkerrecht, au\u00dfenpolitischer Sprecher der LINKE-Bundestagsfraktion 2005-2009) &hellip; &#8222;Filmbericht zum Mitgliedertreffen am 21. Januar 2022&#8220; weiterlesen\" \/>\n<meta property=\"og:url\" content=\"https:\/\/was-tun-hamburg.de\/quo-vadis-die-linke\/filmbericht-zum-mitgliedertreffen-am-21-januar-2022\/\" \/>\n<meta property=\"article:modified_time\" content=\"2022-02-02T15:42:15+00:00\" \/>\n<meta name=\"twitter:card\" content=\"summary_large_image\" \/>\n<meta name=\"twitter:label1\" content=\"Gesch\u00e4tzte Lesezeit\" \/>\n\t<meta name=\"twitter:data1\" content=\"1\u00a0Minute\" \/>\n<script type=\"application\/ld+json\" class=\"yoast-schema-graph\">{\"@context\":\"https:\/\/schema.org\",\"@graph\":[{\"@type\":\"WebPage\",\"@id\":\"https:\/\/was-tun-hamburg.de\/quo-vadis-die-linke\/filmbericht-zum-mitgliedertreffen-am-21-januar-2022\/\",\"url\":\"https:\/\/was-tun-hamburg.de\/quo-vadis-die-linke\/filmbericht-zum-mitgliedertreffen-am-21-januar-2022\/\",\"name\":\"Filmbericht zum Mitgliedertreffen am 21. Januar 2022 -\",\"isPartOf\":{\"@id\":\"https:\/\/was-tun-hamburg.de\/quo-vadis-die-linke\/#website\"},\"datePublished\":\"2022-02-02T15:38:45+00:00\",\"dateModified\":\"2022-02-02T15:42:15+00:00\",\"breadcrumb\":{\"@id\":\"https:\/\/was-tun-hamburg.de\/quo-vadis-die-linke\/filmbericht-zum-mitgliedertreffen-am-21-januar-2022\/#breadcrumb\"},\"inLanguage\":\"de\",\"potentialAction\":[{\"@type\":\"ReadAction\",\"target\":[\"https:\/\/was-tun-hamburg.de\/quo-vadis-die-linke\/filmbericht-zum-mitgliedertreffen-am-21-januar-2022\/\"]}]},{\"@type\":\"BreadcrumbList\",\"@id\":\"https:\/\/was-tun-hamburg.de\/quo-vadis-die-linke\/filmbericht-zum-mitgliedertreffen-am-21-januar-2022\/#breadcrumb\",\"itemListElement\":[{\"@type\":\"ListItem\",\"position\":1,\"name\":\"Startseite\",\"item\":\"https:\/\/was-tun-hamburg.de\/quo-vadis-die-linke\/\"},{\"@type\":\"ListItem\",\"position\":2,\"name\":\"Filmbericht zum Mitgliedertreffen am 21. Januar 2022\"}]},{\"@type\":\"WebSite\",\"@id\":\"https:\/\/was-tun-hamburg.de\/quo-vadis-die-linke\/#website\",\"url\":\"https:\/\/was-tun-hamburg.de\/quo-vadis-die-linke\/\",\"name\":\"\",\"description\":\"\",\"potentialAction\":[{\"@type\":\"SearchAction\",\"target\":{\"@type\":\"EntryPoint\",\"urlTemplate\":\"https:\/\/was-tun-hamburg.de\/quo-vadis-die-linke\/?s={search_term_string}\"},\"query-input\":\"required name=search_term_string\"}],\"inLanguage\":\"de\"}]}<\/script>\n<!-- \/ Yoast SEO plugin. -->","yoast_head_json":{"title":"Filmbericht zum Mitgliedertreffen am 21. Januar 2022 -","robots":{"index":"index","follow":"follow","max-snippet":"max-snippet:-1","max-image-preview":"max-image-preview:large","max-video-preview":"max-video-preview:-1"},"canonical":"https:\/\/was-tun-hamburg.de\/quo-vadis-die-linke\/filmbericht-zum-mitgliedertreffen-am-21-januar-2022\/","og_locale":"de_DE","og_type":"article","og_title":"Filmbericht zum Mitgliedertreffen am 21. Januar 2022 -","og_description":"F\u00fcr den 21. Januar 2022 hatte die Koordinierungsgruppe f\u00fcr unseren Antrag an den Landesparteitag Aufgaben der LINKEN zu einem Mitgliedertreffen eingeladen. Entsprechende Themen waren in der Einladung zum Mitgliedertreffen im Saal des Wilhelmsburger B\u00fcrgerhauses festgehalten, zu dem wir als Eingangsreferent:innen unseren Genossen Norman Paech (Professor f\u00fcr \u00d6ffentliches Recht und V\u00f6lkerrecht, au\u00dfenpolitischer Sprecher der LINKE-Bundestagsfraktion 2005-2009) &hellip; &#8222;Filmbericht zum Mitgliedertreffen am 21. Januar 2022&#8220; weiterlesen","og_url":"https:\/\/was-tun-hamburg.de\/quo-vadis-die-linke\/filmbericht-zum-mitgliedertreffen-am-21-januar-2022\/","article_modified_time":"2022-02-02T15:42:15+00:00","twitter_card":"summary_large_image","twitter_misc":{"Gesch\u00e4tzte Lesezeit":"1\u00a0Minute"},"schema":{"@context":"https:\/\/schema.org","@graph":[{"@type":"WebPage","@id":"https:\/\/was-tun-hamburg.de\/quo-vadis-die-linke\/filmbericht-zum-mitgliedertreffen-am-21-januar-2022\/","url":"https:\/\/was-tun-hamburg.de\/quo-vadis-die-linke\/filmbericht-zum-mitgliedertreffen-am-21-januar-2022\/","name":"Filmbericht zum Mitgliedertreffen am 21. Januar 2022 -","isPartOf":{"@id":"https:\/\/was-tun-hamburg.de\/quo-vadis-die-linke\/#website"},"datePublished":"2022-02-02T15:38:45+00:00","dateModified":"2022-02-02T15:42:15+00:00","breadcrumb":{"@id":"https:\/\/was-tun-hamburg.de\/quo-vadis-die-linke\/filmbericht-zum-mitgliedertreffen-am-21-januar-2022\/#breadcrumb"},"inLanguage":"de","potentialAction":[{"@type":"ReadAction","target":["https:\/\/was-tun-hamburg.de\/quo-vadis-die-linke\/filmbericht-zum-mitgliedertreffen-am-21-januar-2022\/"]}]},{"@type":"BreadcrumbList","@id":"https:\/\/was-tun-hamburg.de\/quo-vadis-die-linke\/filmbericht-zum-mitgliedertreffen-am-21-januar-2022\/#breadcrumb","itemListElement":[{"@type":"ListItem","position":1,"name":"Startseite","item":"https:\/\/was-tun-hamburg.de\/quo-vadis-die-linke\/"},{"@type":"ListItem","position":2,"name":"Filmbericht zum Mitgliedertreffen am 21. Januar 2022"}]},{"@type":"WebSite","@id":"https:\/\/was-tun-hamburg.de\/quo-vadis-die-linke\/#website","url":"https:\/\/was-tun-hamburg.de\/quo-vadis-die-linke\/","name":"","description":"","potentialAction":[{"@type":"SearchAction","target":{"@type":"EntryPoint","urlTemplate":"https:\/\/was-tun-hamburg.de\/quo-vadis-die-linke\/?s={search_term_string}"},"query-input":"required name=search_term_string"}],"inLanguage":"de"}]}},"_links":{"self":[{"href":"https:\/\/was-tun-hamburg.de\/quo-vadis-die-linke\/wp-json\/wp\/v2\/pages\/927"}],"collection":[{"href":"https:\/\/was-tun-hamburg.de\/quo-vadis-die-linke\/wp-json\/wp\/v2\/pages"}],"about":[{"href":"https:\/\/was-tun-hamburg.de\/quo-vadis-die-linke\/wp-json\/wp\/v2\/types\/page"}],"author":[{"embeddable":true,"href":"https:\/\/was-tun-hamburg.de\/quo-vadis-die-linke\/wp-json\/wp\/v2\/users\/1"}],"replies":[{"embeddable":true,"href":"https:\/\/was-tun-hamburg.de\/quo-vadis-die-linke\/wp-json\/wp\/v2\/comments?post=927"}],"version-history":[{"count":3,"href":"https:\/\/was-tun-hamburg.de\/quo-vadis-die-linke\/wp-json\/wp\/v2\/pages\/927\/revisions"}],"predecessor-version":[{"id":930,"href":"https:\/\/was-tun-hamburg.de\/quo-vadis-die-linke\/wp-json\/wp\/v2\/pages\/927\/revisions\/930"}],"wp:attachment":[{"href":"https:\/\/was-tun-hamburg.de\/quo-vadis-die-linke\/wp-json\/wp\/v2\/media?parent=927"}],"curies":[{"name":"wp","href":"https:\/\/api.w.org\/{rel}","templated":true}]}}